{"id":2,"date":"2025-04-14T12:27:40","date_gmt":"2025-04-14T10:27:40","guid":{"rendered":"http:\/\/cercle-hyperion.com\/?page_id=2"},"modified":"2025-06-02T17:59:27","modified_gmt":"2025-06-02T15:59:27","slug":"a-propos","status":"publish","type":"page","link":"https:\/\/cercle-hyperion.com\/index.php\/a-propos\/","title":{"rendered":"Qui sommes-nous ?"},"content":{"rendered":"\n<p>Hyp\u00e9rion est un laboratoire d&rsquo;id\u00e9es et de recherche pluridisciplinaire qui r\u00e9unit des acteurs de l&rsquo;innovation num\u00e9rique, des fonctionnaires engag\u00e9s pour le renouveau du service public et des personnalit\u00e9s intellectuelles diverses autour d&rsquo;une aspiration commune : contribuer \u00e0 faire de la France une soci\u00e9t\u00e9 inclusive et innovante, pr\u00eate \u00e0 relever les d\u00e9fis du monde contemporain dans un esprit de justice sociale et environnementale.<br><br>Nous d\u00e9ployons une strat\u00e9gie de r\u00e9flexion et de communication int\u00e9gr\u00e9e : publications scientifiques accessibles, travaux de recherche approfondis sur les piliers d&rsquo;un d\u00e9veloppement \u00e9quilibr\u00e9 (croissance inclusive, \u00e9quit\u00e9 interg\u00e9n\u00e9rationnelle, innovation responsable, transition \u00e9nerg\u00e9tique), et valorisation de nouvelles voix dans le d\u00e9bat public. Notre ambition est de constituer un laboratoire d&rsquo;id\u00e9es au service d&rsquo;un dialogue citoyen constructif pour enrichir substantiellement la d\u00e9lib\u00e9ration d\u00e9mocratique.<\/p>\n","protected":false},"excerpt":{"rendered":"<p>Hyp\u00e9rion est un laboratoire d&rsquo;id\u00e9es et de recherche pluridisciplinaire qui r\u00e9unit des acteurs de l&rsquo;innovation num\u00e9rique, des fonctionnaires engag\u00e9s pour le renouveau du service public et des personnalit\u00e9s intellectuelles diverses autour d&rsquo;une aspiration commune : contribuer \u00e0 faire de la France une soci\u00e9t\u00e9 inclusive et innovante, pr\u00eate \u00e0 relever les d\u00e9fis du monde contemporain dans [&hellip;]<\/p>\n","protected":false},"author":1,"featured_media":0,"parent":0,"menu_order":0,"comment_status":"closed","ping_status":"open","template":"","meta":{"footnotes":""},"class_list":["post-2","page","type-page","status-publish","hentry"],"_links":{"self":[{"href":"https:\/\/cercle-hyperion.com\/index.php\/wp-json\/wp\/v2\/pages\/2","targetHints":{"allow":["GET"]}}],"collection":[{"href":"https:\/\/cercle-hyperion.com\/index.php\/wp-json\/wp\/v2\/pages"}],"about":[{"href":"https:\/\/cercle-hyperion.com\/index.php\/wp-json\/wp\/v2\/types\/page"}],"author":[{"embeddable":true,"href":"https:\/\/cercle-hyperion.com\/index.php\/wp-json\/wp\/v2\/users\/1"}],"replies":[{"embeddable":true,"href":"https:\/\/cercle-hyperion.com\/index.php\/wp-json\/wp\/v2\/comments?post=2"}],"version-history":[{"count":4,"href":"https:\/\/cercle-hyperion.com\/index.php\/wp-json\/wp\/v2\/pages\/2\/revisions"}],"predecessor-version":[{"id":80,"href":"https:\/\/cercle-hyperion.com\/index.php\/wp-json\/wp\/v2\/pages\/2\/revisions\/80"}],"wp:attachment":[{"href":"https:\/\/cercle-hyperion.com\/index.php\/wp-json\/wp\/v2\/media?parent=2"}],"curies":[{"name":"wp","href":"https:\/\/api.w.org\/{rel}","templated":true}]}}