{"id":96,"date":"2025-06-11T12:21:58","date_gmt":"2025-06-11T10:21:58","guid":{"rendered":"https:\/\/cercle-hyperion.com\/?page_id=96"},"modified":"2025-06-11T12:33:58","modified_gmt":"2025-06-11T10:33:58","slug":"conseil-scientifique","status":"publish","type":"page","link":"https:\/\/cercle-hyperion.com\/index.php\/conseil-scientifique\/","title":{"rendered":"Conseil scientifique"},"content":{"rendered":"\n<div class=\"wp-block-group alignfull has-global-padding is-layout-constrained wp-container-core-group-is-layout-669513ed wp-block-group-is-layout-constrained\" style=\"margin-top:0;margin-bottom:0;padding-top:var(--wp--preset--spacing--50);padding-right:var(--wp--preset--spacing--50);padding-bottom:var(--wp--preset--spacing--50);padding-left:var(--wp--preset--spacing--50)\">\n<div class=\"wp-block-group is-vertical is-content-justification-center is-layout-flex wp-container-core-group-is-layout-ce155fab wp-block-group-is-layout-flex\">\n<h2 class=\"wp-block-heading has-text-align-center has-xx-large-font-size\">Excellence, rigueur et ind\u00e9pendance<\/h2>\n\n\n\n<p class=\"has-text-align-center\">Dans le Cercle Hyp\u00e9rion, nous accordons une <strong>exigence absolue \u00e0 la fiabilit\u00e9, \u00e0 la rigueur acad\u00e9mique et \u00e0 l&rsquo;ind\u00e9pendance<\/strong> de nos travaux. Pour en garantir la qualit\u00e9, nous avons constitu\u00e9 un <strong>conseil scientifique exigeant<\/strong>, compos\u00e9 d\u2019experts reconnus. Leur mission : <strong>valider nos publications<\/strong>, orienter nos analyses et renforcer la solidit\u00e9 de nos propositions.<\/p>\n<\/div>\n\n\n\n<div style=\"height:var(--wp--preset--spacing--30)\" aria-hidden=\"true\" class=\"wp-block-spacer\"><\/div>\n\n\n\n<div class=\"wp-block-columns alignwide is-layout-flex wp-container-core-columns-is-layout-4935966c wp-block-columns-is-layout-flex\" style=\"padding-right:0;padding-left:0\">\n<div class=\"wp-block-column is-layout-flow wp-block-column-is-layout-flow\">\n<figure class=\"wp-block-image size-full is-style-rounded is-style-rounded--1\"><img loading=\"lazy\" decoding=\"async\" width=\"500\" height=\"500\" src=\"https:\/\/cercle-hyperion.com\/wp-content\/uploads\/2025\/06\/xavier.jpg\" alt=\"\" class=\"wp-image-103\" style=\"aspect-ratio:1;object-fit:cover\" srcset=\"https:\/\/cercle-hyperion.com\/wp-content\/uploads\/2025\/06\/xavier.jpg 500w, https:\/\/cercle-hyperion.com\/wp-content\/uploads\/2025\/06\/xavier-300x300.jpg 300w, https:\/\/cercle-hyperion.com\/wp-content\/uploads\/2025\/06\/xavier-150x150.jpg 150w\" sizes=\"auto, (max-width: 500px) 100vw, 500px\" \/><\/figure>\n\n\n\n<div class=\"wp-block-group is-vertical is-content-justification-center is-nowrap is-layout-flex wp-container-core-group-is-layout-21d4e958 wp-block-group-is-layout-flex\">\n<p class=\"has-text-align-center has-small-font-size\"><strong>Xavier Pinon<\/strong><\/p>\n\n\n\n<p class=\"has-text-align-center has-small-font-size\">Cofondateur et Managing Director de Selectra, expert des march\u00e9s de l\u2019\u00e9nergie<\/p>\n<\/div>\n\n\n\n<p><\/p>\n\n\n\n<div class=\"wp-block-group is-vertical is-content-justification-center is-nowrap is-layout-flex wp-container-core-group-is-layout-21d4e958 wp-block-group-is-layout-flex\">\n<p>Dipl\u00f4m\u00e9 de Sciences Po Paris et de Columbia University (International Energy Management &amp; Policy), il est co-auteur de <strong>Le march\u00e9 de d\u00e9tail de l\u2019\u00e9nergie<\/strong>, ouvrage de r\u00e9f\u00e9rence sur le secteur en France.<\/p>\n<\/div>\n<\/div>\n\n\n\n<div class=\"wp-block-column is-layout-flow wp-block-column-is-layout-flow\">\n<figure class=\"wp-block-image size-full is-style-rounded is-style-rounded--2\"><img loading=\"lazy\" decoding=\"async\" width=\"500\" height=\"500\" src=\"https:\/\/cercle-hyperion.com\/wp-content\/uploads\/2025\/06\/pauline.png\" alt=\"\" class=\"wp-image-105\" style=\"aspect-ratio:1;object-fit:cover\" srcset=\"https:\/\/cercle-hyperion.com\/wp-content\/uploads\/2025\/06\/pauline.png 500w, https:\/\/cercle-hyperion.com\/wp-content\/uploads\/2025\/06\/pauline-300x300.png 300w, https:\/\/cercle-hyperion.com\/wp-content\/uploads\/2025\/06\/pauline-150x150.png 150w\" sizes=\"auto, (max-width: 500px) 100vw, 500px\" \/><\/figure>\n\n\n\n<div class=\"wp-block-group is-vertical is-content-justification-center is-nowrap is-layout-flex wp-container-core-group-is-layout-63bfd6c1 wp-block-group-is-layout-flex\">\n<p class=\"has-text-align-center has-small-font-size\"><strong>Pauline Rossi<\/strong><\/p>\n\n\n\n<p class=\"has-text-align-center has-small-font-size\">Professeure d\u2019\u00e9conomie \u00e0 l\u2019\u00c9cole polytechnique (Crest), chercheuse en micro\u00e9conomie appliqu\u00e9e, d\u00e9mographie et \u00e9conomie familiale<\/p>\n<\/div>\n\n\n\n<p><\/p>\n\n\n\n<div class=\"wp-block-group is-vertical is-content-justification-center is-nowrap is-layout-flex wp-container-core-group-is-layout-63bfd6c1 wp-block-group-is-layout-flex\">\n<p>Nomin\u00e9e au \u00ab\u00a0Prix du meilleur jeune \u00e9conomiste fran\u00e7ais 2023\u00a0\u00bb, ses travaux, notamment sur la f\u00e9condit\u00e9 \u2014 comme l\u2019impact des retraites sur la natalit\u00e9 en Namibie (publi\u00e9 en American Economic Journal\u202f: Economic Policy) \u2014 influencent les d\u00e9bats publics. Elle publie r\u00e9guli\u00e8rement dans Le Monde, Alternatives \u00c9conomiques ou L\u2019Express.<\/p>\n<\/div>\n<\/div>\n\n\n\n<div class=\"wp-block-column is-layout-flow wp-block-column-is-layout-flow\">\n<figure class=\"wp-block-image size-full is-style-rounded is-style-rounded--3\"><img loading=\"lazy\" decoding=\"async\" width=\"500\" height=\"500\" src=\"https:\/\/cercle-hyperion.com\/wp-content\/uploads\/2025\/06\/elodie.jpg\" alt=\"\" class=\"wp-image-106\" style=\"aspect-ratio:1;object-fit:cover\" srcset=\"https:\/\/cercle-hyperion.com\/wp-content\/uploads\/2025\/06\/elodie.jpg 500w, https:\/\/cercle-hyperion.com\/wp-content\/uploads\/2025\/06\/elodie-300x300.jpg 300w, https:\/\/cercle-hyperion.com\/wp-content\/uploads\/2025\/06\/elodie-150x150.jpg 150w\" sizes=\"auto, (max-width: 500px) 100vw, 500px\" \/><\/figure>\n\n\n\n<div class=\"wp-block-group is-vertical is-content-justification-center is-nowrap is-layout-flex wp-container-core-group-is-layout-63bfd6c1 wp-block-group-is-layout-flex\">\n<p class=\"has-text-align-center has-small-font-size\"><strong>\u00c9lodie Chapel<\/strong><\/p>\n\n\n\n<p class=\"has-text-align-center has-small-font-size\">Co\u2011fondatrice et CEO d\u2019Elixir Health, vice\u2011pr\u00e9sidente de France Biotech, experte en IA appliqu\u00e9e \u00e0 la PMA<\/p>\n<\/div>\n\n\n\n<p><\/p>\n\n\n\n<p>Ancienne directrice de l&rsquo;innovation de l&rsquo;Agence Nationale de S\u00e9curit\u00e9 du M\u00e9dicament, elle est \u00e0 l&rsquo;origine des parcours acc\u00e9l\u00e9r\u00e9s de mise sur le march\u00e9. Sous sa direction, Elixir Health a initi\u00e9 la Task Force Fertilit\u00e9 visant \u00e0 structurer une fili\u00e8re fran\u00e7aise d\u2019excellence en fertilit\u00e9. Elle d\u00e9veloppe des outils cliniques innovants (Ferticare) pour am\u00e9liorer les parcours de PMA.<\/p>\n<\/div>\n<\/div>\n<\/div>\n\n\n\n<div class=\"wp-block-group alignfull has-global-padding is-layout-constrained wp-container-core-group-is-layout-669513ed wp-block-group-is-layout-constrained\" style=\"margin-top:0;margin-bottom:0;padding-top:var(--wp--preset--spacing--50);padding-right:var(--wp--preset--spacing--50);padding-bottom:var(--wp--preset--spacing--50);padding-left:var(--wp--preset--spacing--50)\">\n<div style=\"height:var(--wp--preset--spacing--30)\" aria-hidden=\"true\" class=\"wp-block-spacer\"><\/div>\n\n\n\n<div class=\"wp-block-columns alignwide is-layout-flex wp-container-core-columns-is-layout-4935966c wp-block-columns-is-layout-flex\" style=\"padding-right:0;padding-left:0\">\n<div class=\"wp-block-column is-layout-flow wp-block-column-is-layout-flow\">\n<figure class=\"wp-block-image size-full is-style-rounded is-style-rounded--4\"><img loading=\"lazy\" decoding=\"async\" width=\"500\" height=\"500\" src=\"https:\/\/cercle-hyperion.com\/wp-content\/uploads\/2025\/06\/cleent.jpg\" alt=\"\" class=\"wp-image-107\" style=\"aspect-ratio:1;object-fit:cover\" srcset=\"https:\/\/cercle-hyperion.com\/wp-content\/uploads\/2025\/06\/cleent.jpg 500w, https:\/\/cercle-hyperion.com\/wp-content\/uploads\/2025\/06\/cleent-300x300.jpg 300w, https:\/\/cercle-hyperion.com\/wp-content\/uploads\/2025\/06\/cleent-150x150.jpg 150w\" sizes=\"auto, (max-width: 500px) 100vw, 500px\" \/><\/figure>\n\n\n\n<div class=\"wp-block-group is-vertical is-content-justification-center is-nowrap is-layout-flex wp-container-core-group-is-layout-21d4e958 wp-block-group-is-layout-flex\">\n<p class=\"has-text-align-center has-small-font-size\"><strong>Cl\u00e9ment Brenot<\/strong><\/p>\n\n\n\n<p class=\"has-text-align-center has-small-font-size\">Senior Research Fellow &amp; Research Manager \u00e0 Harvard Growth Lab (Kennedy School)<\/p>\n\n\n\n<p class=\"has-text-align-center has-small-font-size\"><br><\/p>\n\n\n\n<p>Titulaire d\u2019un MSc HEC Paris et d\u2019un MPA\/ID de Harvard Kennedy School, il co-dirige des programmes de recherche sur l\u2019innovation, le commerce international et la croissance \u00e9conomique, notamment sur le redressement post-crise du Liban.<\/p>\n<\/div>\n<\/div>\n\n\n\n<div class=\"wp-block-column is-layout-flow wp-block-column-is-layout-flow\">\n<figure class=\"wp-block-image size-full is-style-rounded is-style-rounded--5\"><img loading=\"lazy\" decoding=\"async\" width=\"500\" height=\"500\" src=\"https:\/\/cercle-hyperion.com\/wp-content\/uploads\/2025\/06\/vicent1.jpg\" alt=\"\" class=\"wp-image-108\" style=\"aspect-ratio:1;object-fit:cover\" srcset=\"https:\/\/cercle-hyperion.com\/wp-content\/uploads\/2025\/06\/vicent1.jpg 500w, https:\/\/cercle-hyperion.com\/wp-content\/uploads\/2025\/06\/vicent1-300x300.jpg 300w, https:\/\/cercle-hyperion.com\/wp-content\/uploads\/2025\/06\/vicent1-150x150.jpg 150w\" sizes=\"auto, (max-width: 500px) 100vw, 500px\" \/><\/figure>\n\n\n\n<div class=\"wp-block-group is-vertical is-content-justification-center is-nowrap is-layout-flex wp-container-core-group-is-layout-63bfd6c1 wp-block-group-is-layout-flex\">\n<p class=\"has-text-align-center has-small-font-size\"><strong>Vincent Viollain<\/strong><\/p>\n\n\n\n<p class=\"has-text-align-center has-small-font-size\">Directeur des partenariats \u00e9conomiques &amp; Strat\u00e9gie \u00e0 la Cit\u00e9 de l\u2019Innovation (Sorbonne University), ma\u00eetre de conf\u00e9rences associ\u00e9 CELSA<\/p>\n\n\n\n<p><\/p>\n<\/div>\n\n\n\n<p>Ancien consultant en strat\u00e9gie, cofondateur du programme 4EU+ et acteur central de VivaTech, il est sp\u00e9cialiste de l\u2019open innovation et des liens universit\u00e9s\u2011entreprises.<\/p>\n<\/div>\n\n\n\n<div class=\"wp-block-column is-layout-flow wp-block-column-is-layout-flow\">\n\n\n<div class=\"wp-block-group is-vertical is-content-justification-center is-nowrap is-layout-flex wp-container-core-group-is-layout-63bfd6c1 wp-block-group-is-layout-flex\">\n<p class=\"has-text-align-center has-small-font-size\"><\/p>\n\n\n\n<p class=\"has-text-align-center has-small-font-size\"><\/p>\n<\/div>\n<\/div>\n<\/div>\n<\/div>\n","protected":false},"excerpt":{"rendered":"<p>Excellence, rigueur et ind\u00e9pendance Dans le Cercle Hyp\u00e9rion, nous accordons une exigence absolue \u00e0 la fiabilit\u00e9, \u00e0 la rigueur acad\u00e9mique et \u00e0 l&rsquo;ind\u00e9pendance de nos travaux. Pour en garantir la qualit\u00e9, nous avons constitu\u00e9 un conseil scientifique exigeant, compos\u00e9 d\u2019experts reconnus. Leur mission : valider nos publications, orienter nos analyses et renforcer la solidit\u00e9 de [&hellip;]<\/p>\n","protected":false},"author":1,"featured_media":0,"parent":0,"menu_order":0,"comment_status":"closed","ping_status":"closed","template":"","meta":{"footnotes":""},"class_list":["post-96","page","type-page","status-publish","hentry"],"_links":{"self":[{"href":"https:\/\/cercle-hyperion.com\/index.php\/wp-json\/wp\/v2\/pages\/96","targetHints":{"allow":["GET"]}}],"collection":[{"href":"https:\/\/cercle-hyperion.com\/index.php\/wp-json\/wp\/v2\/pages"}],"about":[{"href":"https:\/\/cercle-hyperion.com\/index.php\/wp-json\/wp\/v2\/types\/page"}],"author":[{"embeddable":true,"href":"https:\/\/cercle-hyperion.com\/index.php\/wp-json\/wp\/v2\/users\/1"}],"replies":[{"embeddable":true,"href":"https:\/\/cercle-hyperion.com\/index.php\/wp-json\/wp\/v2\/comments?post=96"}],"version-history":[{"count":3,"href":"https:\/\/cercle-hyperion.com\/index.php\/wp-json\/wp\/v2\/pages\/96\/revisions"}],"predecessor-version":[{"id":111,"href":"https:\/\/cercle-hyperion.com\/index.php\/wp-json\/wp\/v2\/pages\/96\/revisions\/111"}],"wp:attachment":[{"href":"https:\/\/cercle-hyperion.com\/index.php\/wp-json\/wp\/v2\/media?parent=96"}],"curies":[{"name":"wp","href":"https:\/\/api.w.org\/{rel}","templated":true}]}}